{"id":46,"date":"2016-05-24T18:54:43","date_gmt":"2016-05-24T21:54:43","guid":{"rendered":"http:\/\/www.revitalizapisos.com.br\/?page_id=46"},"modified":"2022-08-03T20:33:54","modified_gmt":"2022-08-03T23:33:54","slug":"servicos","status":"publish","type":"page","link":"https:\/\/www.revitalizapisos.com.br\/?page_id=46","title":{"rendered":"Servi\u00e7os"},"content":{"rendered":"<p><span style=\"color: #99cc00;\"><b>1) <\/b><a style=\"color: #99cc00;\" href=\"http:\/\/www.revitaliza.net\/polimento.htm\"><b>Re<\/b><\/a><b>-p<\/b><a style=\"color: #99cc00;\" href=\"http:\/\/www.revitaliza.net\/polimento.htm\"><b>olimento ( brilho natural<\/b><\/a><b>) <\/b><\/span><\/p>\n<p><span style=\"color: #99cc00;\"><b>\u00a0<\/b><\/span><\/p>\n<p><span style=\"color: #99cc00;\"><b>2) <\/b><a style=\"color: #99cc00;\" href=\"http:\/\/www.revitaliza.net\/revitalizacao.htm\"><b>Revitaliza\u00e7\u00e3o<\/b><\/a><b> Piso \/ Fachadas <\/b><\/span><\/p>\n<p><span style=\"color: #99cc00;\"><b>\u00a0<\/b><\/span><\/p>\n<p><span style=\"color: #99cc00;\"><b>3) <\/b><a style=\"color: #99cc00;\" href=\"http:\/\/www.revitaliza.net\/imper.htm\"><b>Impermeabiliza\u00e7\u00e3o<\/b><\/a><\/span><\/p>\n<p><span style=\"color: #99cc00;\"><b>\u00a0<\/b><\/span><\/p>\n<p><span style=\"color: #99cc00;\"><b>4) <\/b><a style=\"color: #99cc00;\" href=\"http:\/\/www.revitaliza.net\/limpeza.htm\"><b>Limpeza t\u00e9cnica p\u00f3s-obra<\/b><\/a><\/span><\/p>\n<p><span style=\"color: #99cc00;\"><b>\u00a0<\/b><\/span><\/p>\n<p><span style=\"color: #99cc00;\"><b>5) Rejuntamento de piso<\/b><\/span><\/p>\n<p><span style=\"color: #99cc00;\"><b>\u00a0<\/b><\/span><\/p>\n<p><span style=\"color: #99cc00;\"><b>6) Colagem de bacias e cubas<\/b><\/span><\/p>\n<p><span style=\"color: #99cc00;\"><b>\u00a0<\/b><\/span><\/p>\n<p><span style=\"color: #99cc00;\"><b>7) Furos de diversos di\u00e2metros <\/b><\/span><\/p>\n<p><span style=\"color: #99cc00;\"><b>\u00a0<\/b><\/span><\/p>\n<p><span style=\"color: #99cc00;\"><b>8) <\/b><b>Restaura\u00e7\u00e3o de pe\u00e7as quebradas <\/b><\/span><\/p>\n<p><span style=\"color: #99cc00;\"><b>\u00a0<\/b><\/span><\/p>\n<p><span style=\"color: #99cc00;\"><b>9) Jateamento com alta press\u00e3o <\/b><\/span><\/p>\n<p><span style=\"color: #99cc00;\"><b>\u00a0<\/b><\/span><\/p>\n<p><span style=\"color: #99cc00;\"><b>10) <\/b><b>Levigamento (antiderrapante)<\/b><\/span><\/p>\n<p>&nbsp;<\/p>\n<p><span style=\"color: #99cc00;\"><b>11) <\/b><a style=\"color: #99cc00;\" href=\"http:\/\/www.revitaliza.net\/ardosia.htm\"><b>Ard\u00f3sia e S\u00e3o Tom\u00e9.<\/b><\/a><\/span><\/p>\n<p><span style=\"color: #99cc00;\"><b>\u00a0<\/b><\/span><\/p>\n<p><span style=\"color: #99cc00;\"><b>12) <\/b><a style=\"color: #99cc00;\" href=\"http:\/\/www.revitaliza.net\/porcelanato.htm\"><b>Tratamento Porcelanato<\/b><\/a><\/span><\/p>\n<p><span style=\"color: #99cc00;\"><b>\u00a0<\/b><\/span><\/p>\n<p><span style=\"color: #99cc00;\"><b>13) <\/b><a style=\"color: #99cc00;\" href=\"http:\/\/www.revitaliza.net\/begebahia.htm\"><b>Bege Bahia estucagem<\/b><\/a><\/span><\/p>\n<p><b>\u00a0<\/b><\/p>\n<p><b>\u00a0<\/b><\/p>\n","protected":false},"excerpt":{"rendered":"<p>1) Re-polimento ( brilho natural) \u00a0 2) Revitaliza\u00e7\u00e3o Piso \/ Fachadas \u00a0 3) Impermeabiliza\u00e7\u00e3o \u00a0 4) Limpeza t\u00e9cnica p\u00f3s-obra \u00a0 5) Rejuntamento de piso \u00a0 6) Colagem de bacias e&nbsp;<span class=\"readmore\"><a class=\"more-link\" href=\"https:\/\/www.revitalizapisos.com.br\/?page_id=46\">Continue reading<\/a><\/span><!-- .readmore --><\/p>\n","protected":false},"author":1,"featured_media":0,"parent":0,"menu_order":0,"comment_status":"closed","ping_status":"closed","template":"","meta":[],"_links":{"self":[{"href":"https:\/\/www.revitalizapisos.com.br\/index.php?rest_route=\/wp\/v2\/pages\/46"}],"collection":[{"href":"https:\/\/www.revitalizapisos.com.br\/index.php?rest_route=\/wp\/v2\/pages"}],"about":[{"href":"https:\/\/www.revitalizapisos.com.br\/index.php?rest_route=\/wp\/v2\/types\/page"}],"author":[{"embeddable":true,"href":"https:\/\/www.revitalizapisos.com.br\/index.php?rest_route=\/wp\/v2\/users\/1"}],"replies":[{"embeddable":true,"href":"https:\/\/www.revitalizapisos.com.br\/index.php?rest_route=%2Fwp%2Fv2%2Fcomments&post=46"}],"version-history":[{"count":1,"href":"https:\/\/www.revitalizapisos.com.br\/index.php?rest_route=\/wp\/v2\/pages\/46\/revisions"}],"predecessor-version":[{"id":49,"href":"https:\/\/www.revitalizapisos.com.br\/index.php?rest_route=\/wp\/v2\/pages\/46\/revisions\/49"}],"wp:attachment":[{"href":"https:\/\/www.revitalizapisos.com.br\/index.php?rest_route=%2Fwp%2Fv2%2Fmedia&parent=46"}],"curies":[{"name":"wp","href":"https:\/\/api.w.org\/{rel}","templated":true}]}}