{"id":20,"date":"2016-05-23T22:54:52","date_gmt":"2016-05-24T01:54:52","guid":{"rendered":"http:\/\/www.revitalizapisos.com.br\/?page_id=20"},"modified":"2016-06-12T07:06:52","modified_gmt":"2016-06-12T10:06:52","slug":"restauracao","status":"publish","type":"page","link":"https:\/\/www.revitalizapisos.com.br\/?page_id=20","title":{"rendered":"Restaura\u00e7\u00e3o"},"content":{"rendered":"<p>Restaura\u00e7ao de piso \u267b\ufe0f Re-polimento de Piso ( Brilho Natural )<\/p>\n<p>Este tratamento \u00e9 sugerido quando a rocha encontra-se sem brilho, e as vezes j\u00e1 com buracos em fun\u00e7\u00e3o de desgaste natural de uso ou de tempo.<br \/>\nO processo nivela, da maior sensa\u00e7\u00e3o de planicidade, recupera o brilho natural, e protege o material de infiltra\u00e7\u00e3o de \u00e1gua e \u00f3leo, evitando manchas e aumentando a vida \u00fatil.<\/p>\n<p>S\u00e3o 8 os Procedimentos<\/p>\n<p>Prote\u00e7\u00e3o do ambiente<\/p>\n<p>A Revitaliza inicia as atividades depois de ter protegido paredes e m\u00f3veis fixos com lona pl\u00e1stica.<\/p>\n<p>O ambiente deve estar desocupado.<\/p>\n<p>Limpeza T\u00e9cnica<\/p>\n<p>Trata-se da remo\u00e7\u00e3o de sujeira , ceras e outros materiais qu\u00edmicos que eventualmente tenham sido aplicados como \u201cpaliativos\u201d na busca de brilho artificial.<\/p>\n<p>Estucagem<\/p>\n<p>\u00c9 o preenchimento de trincas quebraduras, e rejuntes do piso com uso de massa pl\u00e1stica ou estuque com resina poli\u00e9ster.<\/p>\n<p>Desbaste<\/p>\n<p>\u00c9 a parte mais agressiva do tratamento, onde com uso de maquina polidora industrial, e abrasivos , o piso passa por um processo de raspagem, nivelando, e removendo excesso de massa aplicada, riscos,e manchas de superf\u00edcie.<\/p>\n<p>Polimento<\/p>\n<p>Com o uso da mesma polidora e de abrasivos de granula\u00e7\u00e3o menor em varias seq\u00fc\u00eancias, os poros do substrato v\u00e3o se fechando at\u00e9 atingir um brilho notado por sua reflex\u00e3o.<\/p>\n<p>Cristaliza\u00e7\u00e3o<\/p>\n<p>Utiliza-se um produto que atrav\u00e9s de uma a\u00e7\u00e3o f\u00edsica, reage quimicamente com a superf\u00edcie da pedra, real\u00e7ando o brilho natural.<\/p>\n<p>Prote\u00e7\u00e3o hidro-\u00f3leo repelente<\/p>\n<p>\u00c9 a ultima parte do tratamento, onde \u00e9 aplicado um produto hidrofugante, ( Impermeabilizante) que penetra nos micro poros da rocha, e se solidifica atrav\u00e9s de um processo de telagem, permitindo a necessidade do substrato de expelir umidade. Desta forma o material fica protegido contra a penetra\u00e7\u00e3o imediata de \u00e1gua e \u00f3leo, evitando manchas.<\/p>\n<p>Limpeza final<\/p>\n<p>Este \u00e9 o tratamento que proporciona o melhor e mais duradouro brilho em m\u00e1rmores e granitos.<\/p>\n<p>Utilizamos m\u00e1quinas com peso e rota\u00e7\u00e3o espec\u00edficos, de acordo com cada tipo de piso a ser polido.<\/p>\n<p>O processo \u00e9 feito a \u00famido, sendo o excesso de \u00e1gua imediatamente retirado por um aspirador pr\u00f3prio para este fim, resultando em uma obra limpa e sem excesso de p\u00f3.<\/p>\n<div id=\"attachment_98\" style=\"width: 836px\" class=\"wp-caption alignleft\"><img aria-describedby=\"caption-attachment-98\" loading=\"lazy\" class=\"size-large wp-image-98\" src=\"http:\/\/www.revitalizapisos.com.br\/wp-content\/uploads\/2016\/06\/IMG_7329-1024x1024.jpg\" alt=\"Revitaliza piso granito Unimed Vit\u00f3ria \" width=\"826\" height=\"826\" srcset=\"https:\/\/www.revitalizapisos.com.br\/wp-content\/uploads\/2016\/06\/IMG_7329-1024x1024.jpg 1024w, https:\/\/www.revitalizapisos.com.br\/wp-content\/uploads\/2016\/06\/IMG_7329-150x150.jpg 150w, https:\/\/www.revitalizapisos.com.br\/wp-content\/uploads\/2016\/06\/IMG_7329-300x300.jpg 300w, https:\/\/www.revitalizapisos.com.br\/wp-content\/uploads\/2016\/06\/IMG_7329-768x768.jpg 768w, https:\/\/www.revitalizapisos.com.br\/wp-content\/uploads\/2016\/06\/IMG_7329-250x250.jpg 250w, https:\/\/www.revitalizapisos.com.br\/wp-content\/uploads\/2016\/06\/IMG_7329-350x350.jpg 350w, https:\/\/www.revitalizapisos.com.br\/wp-content\/uploads\/2016\/06\/IMG_7329-67x67.jpg 67w\" sizes=\"(max-width: 826px) 100vw, 826px\" \/><p id=\"caption-attachment-98\" class=\"wp-caption-text\">Revitaliza piso granito Unimed Vit\u00f3ria<\/p><\/div>\n<p style=\"text-align: center;\"><img loading=\"lazy\" class=\"alignleft size-medium wp-image-11\" src=\"http:\/\/www.revitalizapisos.com.br\/wp-content\/uploads\/2016\/05\/086-239x300.png\" alt=\"086\" width=\"239\" height=\"300\" srcset=\"https:\/\/www.revitalizapisos.com.br\/wp-content\/uploads\/2016\/05\/086-239x300.png 239w, https:\/\/www.revitalizapisos.com.br\/wp-content\/uploads\/2016\/05\/086.png 509w\" sizes=\"(max-width: 239px) 100vw, 239px\" \/><img loading=\"lazy\" class=\"alignnone size-medium wp-image-13\" src=\"http:\/\/www.revitalizapisos.com.br\/wp-content\/uploads\/2016\/05\/644-300x300.png\" alt=\"revitaliza\" width=\"300\" height=\"300\" srcset=\"https:\/\/www.revitalizapisos.com.br\/wp-content\/uploads\/2016\/05\/644-300x300.png 300w, https:\/\/www.revitalizapisos.com.br\/wp-content\/uploads\/2016\/05\/644-150x150.png 150w, https:\/\/www.revitalizapisos.com.br\/wp-content\/uploads\/2016\/05\/644-768x768.png 768w, https:\/\/www.revitalizapisos.com.br\/wp-content\/uploads\/2016\/05\/644.png 1024w\" sizes=\"(max-width: 300px) 100vw, 300px\" \/><\/p>\n","protected":false},"excerpt":{"rendered":"<p>Restaura\u00e7ao de piso \u267b\ufe0f Re-polimento de Piso ( Brilho Natural ) Este tratamento \u00e9 sugerido quando a rocha encontra-se sem brilho, e as vezes j\u00e1 com buracos em fun\u00e7\u00e3o de&nbsp;<span class=\"readmore\"><a class=\"more-link\" href=\"https:\/\/www.revitalizapisos.com.br\/?page_id=20\">Continue reading<\/a><\/span><!-- .readmore --><\/p>\n","protected":false},"author":1,"featured_media":0,"parent":0,"menu_order":0,"comment_status":"closed","ping_status":"closed","template":"","meta":[],"_links":{"self":[{"href":"https:\/\/www.revitalizapisos.com.br\/index.php?rest_route=\/wp\/v2\/pages\/20"}],"collection":[{"href":"https:\/\/www.revitalizapisos.com.br\/index.php?rest_route=\/wp\/v2\/pages"}],"about":[{"href":"https:\/\/www.revitalizapisos.com.br\/index.php?rest_route=\/wp\/v2\/types\/page"}],"author":[{"embeddable":true,"href":"https:\/\/www.revitalizapisos.com.br\/index.php?rest_route=\/wp\/v2\/users\/1"}],"replies":[{"embeddable":true,"href":"https:\/\/www.revitalizapisos.com.br\/index.php?rest_route=%2Fwp%2Fv2%2Fcomments&post=20"}],"version-history":[{"count":3,"href":"https:\/\/www.revitalizapisos.com.br\/index.php?rest_route=\/wp\/v2\/pages\/20\/revisions"}],"predecessor-version":[{"id":133,"href":"https:\/\/www.revitalizapisos.com.br\/index.php?rest_route=\/wp\/v2\/pages\/20\/revisions\/133"}],"wp:attachment":[{"href":"https:\/\/www.revitalizapisos.com.br\/index.php?rest_route=%2Fwp%2Fv2%2Fmedia&parent=20"}],"curies":[{"name":"wp","href":"https:\/\/api.w.org\/{rel}","templated":true}]}}